{"id":82,"date":"2019-08-13T12:23:15","date_gmt":"2019-08-13T12:23:15","guid":{"rendered":"http:\/\/www.ra-lebed.de\/?page_id=82"},"modified":"2023-02-28T18:29:55","modified_gmt":"2023-02-28T18:29:55","slug":"kontakt-2","status":"publish","type":"page","link":"http:\/\/www.ra-lebed.de\/?page_id=82","title":{"rendered":"KONTAKT"},"content":{"rendered":"<div id=\"pl-82\"  class=\"panel-layout\" ><div id=\"pg-82-0\"  class=\"panel-grid panel-no-style\" ><div id=\"pgc-82-0-0\"  class=\"panel-grid-cell\" ><div id=\"panel-82-0-0-0\" class=\"so-panel widget widget_sow-editor panel-first-child panel-last-child\" data-index=\"0\" ><div\n\t\t\t\n\t\t\tclass=\"so-widget-sow-editor so-widget-sow-editor-base\"\n\t\t\t\n\t\t>\n<div class=\"siteorigin-widget-tinymce textwidget\">\n\t<div id=\"pgc-75-0-0\" class=\"panel-grid-cell\">\n<div id=\"panel-75-0-0-0\" class=\"so-panel widget widget_sow-editor panel-first-child panel-last-child\" data-index=\"0\">\n<div class=\"so-widget-sow-editor so-widget-sow-editor-base\">\n<div class=\"siteorigin-widget-tinymce textwidget\">\n<p><strong data-rich-text-format-boundary=\"true\">Tel:<\/strong> + 49 (0) 30 \/ 609 664 96<\/p>\n<p><strong data-rich-text-format-boundary=\"true\">Fax: <\/strong>+ 49 (0) 30 \/ 609 664 98<\/p>\n<\/div>\n<\/div>\n<\/div>\n<\/div>\n<\/div>\n<\/div><\/div><\/div><div id=\"pgc-82-0-1\"  class=\"panel-grid-cell\" ><div id=\"panel-82-0-1-0\" class=\"so-panel widget widget_sow-editor panel-first-child panel-last-child\" data-index=\"1\" ><div\n\t\t\t\n\t\t\tclass=\"so-widget-sow-editor so-widget-sow-editor-base\"\n\t\t\t\n\t\t>\n<div class=\"siteorigin-widget-tinymce textwidget\">\n\t<div id=\"pgc-75-0-1\" class=\"panel-grid-cell\">\n<div id=\"panel-75-0-1-0\" class=\"so-panel widget widget_sow-editor panel-first-child panel-last-child\" data-index=\"1\">\n<div class=\"so-widget-sow-editor so-widget-sow-editor-base\">\n<div class=\"siteorigin-widget-tinymce textwidget\">\n<p>info@ra-lebed.de<\/p>\n<p>www.ra-lebed.de<\/p>\n<\/div>\n<\/div>\n<\/div>\n<\/div>\n<\/div>\n<\/div><\/div><\/div><div id=\"pgc-82-0-2\"  class=\"panel-grid-cell\" ><div id=\"panel-82-0-2-0\" class=\"so-panel widget widget_sow-editor panel-first-child panel-last-child\" data-index=\"2\" ><div\n\t\t\t\n\t\t\tclass=\"so-widget-sow-editor so-widget-sow-editor-base\"\n\t\t\t\n\t\t>\n<div class=\"siteorigin-widget-tinymce textwidget\">\n\t<div id=\"pgc-75-0-3\" class=\"panel-grid-cell\">\n<div id=\"panel-75-0-3-0\" class=\"so-panel widget widget_sow-editor panel-first-child panel-last-child\" data-index=\"3\">\n<div class=\"so-widget-sow-editor so-widget-sow-editor-base\">\n<div class=\"siteorigin-widget-tinymce textwidget\">\n<p>Rechtsanwalt Juri Lebed<\/p>\n<p><span class=\"LrzXr\">Otto-Suhr-Allee 84, 10585 Berlin<\/span><\/p>\n<\/div>\n<\/div>\n<\/div>\n<\/div>\n<\/div>\n<\/div><\/div><\/div><\/div><div id=\"pg-82-1\"  class=\"panel-grid panel-no-style\" ><div id=\"pgc-82-1-0\"  class=\"panel-grid-cell\" ><div id=\"panel-82-1-0-0\" class=\"so-panel widget widget_sow-editor panel-first-child panel-last-child\" data-index=\"3\" ><div\n\t\t\t\n\t\t\tclass=\"so-widget-sow-editor so-widget-sow-editor-base\"\n\t\t\t\n\t\t>\n<div class=\"siteorigin-widget-tinymce textwidget\">\n\t<p><strong data-rich-text-format-boundary=\"true\">B\u00fcrozeiten:<\/strong><\/p>\n<p>Montag bis Freitag 09:00 - 17:00 Uhr oder nach Vereinbarung.<\/p>\n<p>&nbsp;<\/p>\n<p><strong><span style=\"font-size: large;\">Termine<\/span><\/strong><\/p>\n<p><span style=\"font-size: large;\">S\u00e4mtliche Gespr\u00e4chstermine im B\u00fcro k\u00f6nnen nur nach vorheriger Vereinbarung wahrgenommen werden. Bei Bedarf k\u00f6nnen von mir pers\u00f6nliche Gespr\u00e4chstermine auch au\u00dferhalb meines B\u00fcros durchgef\u00fchrt werden.<\/span><\/p>\n<p><strong><span style=\"font-size: large;\">Verkehrsanbindung<\/span><\/strong><\/p>\n<p><span style=\"font-size: large;\">Das B\u00fcro liegt in unmittelbarer N\u00e4he des U-7 Bahnhofs \"Richard-Wagner-Platz\" .<\/span><\/p>\n<\/div>\n<\/div><\/div><\/div><\/div><div id=\"pg-82-2\"  class=\"panel-grid panel-has-style\" ><div class=\"siteorigin-panels-stretch panel-row-style panel-row-style-for-82-2\" data-stretch-type=\"full-stretched\" ><div id=\"pgc-82-2-0\"  class=\"panel-grid-cell panel-grid-cell-empty\" ><\/div><\/div><\/div><\/div>","protected":false},"excerpt":{"rendered":"<p>Tel: + 49 (0) 30 \/ 609 664 96 Fax: + 49 (0) 30 \/ 609 664 98 info@ra-lebed.de www.ra-lebed.de Rechtsanwalt Juri Lebed Otto-Suhr-Allee 84, 10585 Berlin B\u00fcrozeiten: Montag bis Freitag 09:00 &#8211; 17:00 Uhr oder nach Vereinbarung. &nbsp; Termine S\u00e4mtliche Gespr\u00e4chstermine im B\u00fcro k\u00f6nnen nur nach vorheriger Vereinbarung wahrgenommen&hellip; <\/p>\n","protected":false},"author":1,"featured_media":0,"parent":0,"menu_order":0,"comment_status":"closed","ping_status":"closed","template":"","meta":[],"_links":{"self":[{"href":"http:\/\/www.ra-lebed.de\/index.php?rest_route=\/wp\/v2\/pages\/82"}],"collection":[{"href":"http:\/\/www.ra-lebed.de\/index.php?rest_route=\/wp\/v2\/pages"}],"about":[{"href":"http:\/\/www.ra-lebed.de\/index.php?rest_route=\/wp\/v2\/types\/page"}],"author":[{"embeddable":true,"href":"http:\/\/www.ra-lebed.de\/index.php?rest_route=\/wp\/v2\/users\/1"}],"replies":[{"embeddable":true,"href":"http:\/\/www.ra-lebed.de\/index.php?rest_route=%2Fwp%2Fv2%2Fcomments&post=82"}],"version-history":[{"count":37,"href":"http:\/\/www.ra-lebed.de\/index.php?rest_route=\/wp\/v2\/pages\/82\/revisions"}],"predecessor-version":[{"id":299,"href":"http:\/\/www.ra-lebed.de\/index.php?rest_route=\/wp\/v2\/pages\/82\/revisions\/299"}],"wp:attachment":[{"href":"http:\/\/www.ra-lebed.de\/index.php?rest_route=%2Fwp%2Fv2%2Fmedia&parent=82"}],"curies":[{"name":"wp","href":"https:\/\/api.w.org\/{rel}","templated":true}]}}